{"id":213,"date":"2024-08-13T19:12:49","date_gmt":"2024-08-13T19:12:49","guid":{"rendered":"http:\/\/mestizofestivalarequipa.com\/?page_id=213"},"modified":"2024-11-14T18:35:05","modified_gmt":"2024-11-14T18:35:05","slug":"elementor-213","status":"publish","type":"page","link":"https:\/\/mestizofestivalarequipa.com\/","title":{"rendered":"Elementor #213"},"content":{"rendered":"\t\t<div data-elementor-type=\"wp-page\" data-elementor-id=\"213\" class=\"elementor elementor-213\">\n\t\t\t\t\t\t<section class=\"elementor-section elementor-top-section elementor-element elementor-element-262d697 elementor-section-boxed elementor-section-height-default elementor-section-height-default\" data-id=\"262d697\" data-element_type=\"section\" data-e-type=\"section\" data-settings=\"{&quot;background_background&quot;:&quot;classic&quot;}\">\n\t\t\t\t\t\t<div class=\"elementor-container elementor-column-gap-default\">\n\t\t\t\t\t<div class=\"elementor-column elementor-col-100 elementor-top-column elementor-element elementor-element-b691649\" data-id=\"b691649\" data-element_type=\"column\" data-e-type=\"column\">\n\t\t\t<div class=\"elementor-widget-wrap elementor-element-populated\">\n\t\t\t\t\t\t<div class=\"elementor-element elementor-element-7955758 elementor-widget elementor-widget-spacer\" data-id=\"7955758\" data-element_type=\"widget\" data-e-type=\"widget\" data-widget_type=\"spacer.default\">\n\t\t\t\t<div class=\"elementor-widget-container\">\n\t\t\t\t\t\t\t<div class=\"elementor-spacer\">\n\t\t\t<div class=\"elementor-spacer-inner\"><\/div>\n\t\t<\/div>\n\t\t\t\t\t\t<\/div>\n\t\t\t\t<\/div>\n\t\t\t\t\t<\/div>\n\t\t<\/div>\n\t\t\t\t\t<\/div>\n\t\t<\/section>\n\t\t\t\t<section class=\"elementor-section elementor-top-section elementor-element elementor-element-ddeab53 elementor-section-boxed elementor-section-height-default elementor-section-height-default\" data-id=\"ddeab53\" data-element_type=\"section\" data-e-type=\"section\" data-settings=\"{&quot;background_background&quot;:&quot;classic&quot;}\">\n\t\t\t\t\t\t<div class=\"elementor-container elementor-column-gap-default\">\n\t\t\t\t\t<div class=\"elementor-column elementor-col-100 elementor-top-column elementor-element elementor-element-af23149\" data-id=\"af23149\" data-element_type=\"column\" data-e-type=\"column\">\n\t\t\t<div class=\"elementor-widget-wrap elementor-element-populated\">\n\t\t\t\t\t\t<div class=\"elementor-element elementor-element-899971f elementor-widget elementor-widget-spacer\" data-id=\"899971f\" data-element_type=\"widget\" data-e-type=\"widget\" data-widget_type=\"spacer.default\">\n\t\t\t\t<div class=\"elementor-widget-container\">\n\t\t\t\t\t\t\t<div class=\"elementor-spacer\">\n\t\t\t<div class=\"elementor-spacer-inner\"><\/div>\n\t\t<\/div>\n\t\t\t\t\t\t<\/div>\n\t\t\t\t<\/div>\n\t\t\t\t\t<\/div>\n\t\t<\/div>\n\t\t\t\t\t<\/div>\n\t\t<\/section>\n\t\t\t\t<section class=\"elementor-section elementor-top-section elementor-element elementor-element-f58af7d elementor-section-full_width elementor-section-height-default elementor-section-height-default\" data-id=\"f58af7d\" data-element_type=\"section\" data-e-type=\"section\">\n\t\t\t\t\t\t<div class=\"elementor-container elementor-column-gap-default\">\n\t\t\t\t\t<div class=\"elementor-column elementor-col-100 elementor-top-column elementor-element elementor-element-5aa4bce\" data-id=\"5aa4bce\" data-element_type=\"column\" data-e-type=\"column\">\n\t\t\t<div class=\"elementor-widget-wrap elementor-element-populated\">\n\t\t\t\t\t\t<div class=\"elementor-element elementor-element-5683f9d elementor-widget elementor-widget-image\" data-id=\"5683f9d\" data-element_type=\"widget\" data-e-type=\"widget\" data-widget_type=\"image.default\">\n\t\t\t\t<div class=\"elementor-widget-container\">\n\t\t\t\t\t\t\t\t\t\t\t\t\t\t\t<img fetchpriority=\"high\" decoding=\"async\" width=\"2435\" height=\"2250\" src=\"https:\/\/mestizofestivalarequipa.com\/wp-content\/uploads\/2024\/11\/Afiche-Mestizo-WEB.png\" class=\"attachment-full size-full wp-image-252\" alt=\"Afiche Mestizo 2024\" srcset=\"https:\/\/mestizofestivalarequipa.com\/wp-content\/uploads\/2024\/11\/Afiche-Mestizo-WEB.png 2435w, https:\/\/mestizofestivalarequipa.com\/wp-content\/uploads\/2024\/11\/Afiche-Mestizo-WEB-300x277.png 300w, https:\/\/mestizofestivalarequipa.com\/wp-content\/uploads\/2024\/11\/Afiche-Mestizo-WEB-1024x946.png 1024w, https:\/\/mestizofestivalarequipa.com\/wp-content\/uploads\/2024\/11\/Afiche-Mestizo-WEB-768x710.png 768w, https:\/\/mestizofestivalarequipa.com\/wp-content\/uploads\/2024\/11\/Afiche-Mestizo-WEB-1536x1419.png 1536w, https:\/\/mestizofestivalarequipa.com\/wp-content\/uploads\/2024\/11\/Afiche-Mestizo-WEB-2048x1892.png 2048w\" sizes=\"(max-width: 2435px) 100vw, 2435px\" \/>\t\t\t\t\t\t\t\t\t\t\t\t\t\t\t<\/div>\n\t\t\t\t<\/div>\n\t\t\t\t\t<\/div>\n\t\t<\/div>\n\t\t\t\t\t<\/div>\n\t\t<\/section>\n\t\t\t\t<section class=\"elementor-section elementor-top-section elementor-element elementor-element-7364182 elementor-section-boxed elementor-section-height-default elementor-section-height-default\" data-id=\"7364182\" data-element_type=\"section\" data-e-type=\"section\" data-settings=\"{&quot;background_background&quot;:&quot;classic&quot;}\">\n\t\t\t\t\t\t<div class=\"elementor-container elementor-column-gap-default\">\n\t\t\t\t\t<div class=\"elementor-column elementor-col-100 elementor-top-column elementor-element elementor-element-34db744\" data-id=\"34db744\" data-element_type=\"column\" data-e-type=\"column\">\n\t\t\t<div class=\"elementor-widget-wrap elementor-element-populated\">\n\t\t\t\t\t\t<div class=\"elementor-element elementor-element-90a1fc4 elementor-widget elementor-widget-spacer\" data-id=\"90a1fc4\" data-element_type=\"widget\" data-e-type=\"widget\" data-widget_type=\"spacer.default\">\n\t\t\t\t<div class=\"elementor-widget-container\">\n\t\t\t\t\t\t\t<div class=\"elementor-spacer\">\n\t\t\t<div class=\"elementor-spacer-inner\"><\/div>\n\t\t<\/div>\n\t\t\t\t\t\t<\/div>\n\t\t\t\t<\/div>\n\t\t\t\t\t<\/div>\n\t\t<\/div>\n\t\t\t\t\t<\/div>\n\t\t<\/section>\n\t\t\t\t<section class=\"elementor-section elementor-top-section elementor-element elementor-element-cd92c9a elementor-section-boxed elementor-section-height-default elementor-section-height-default\" data-id=\"cd92c9a\" data-element_type=\"section\" data-e-type=\"section\">\n\t\t\t\t\t\t<div class=\"elementor-container elementor-column-gap-default\">\n\t\t\t\t\t<div class=\"elementor-column elementor-col-100 elementor-top-column elementor-element elementor-element-dee2b95\" data-id=\"dee2b95\" data-element_type=\"column\" data-e-type=\"column\">\n\t\t\t<div class=\"elementor-widget-wrap elementor-element-populated\">\n\t\t\t\t\t\t<div class=\"elementor-element elementor-element-80a748d elementor-widget elementor-widget-image\" data-id=\"80a748d\" data-element_type=\"widget\" data-e-type=\"widget\" data-widget_type=\"image.default\">\n\t\t\t\t<div class=\"elementor-widget-container\">\n\t\t\t\t\t\t\t\t\t\t\t\t\t\t\t<img decoding=\"async\" width=\"4929\" height=\"2921\" src=\"https:\/\/mestizofestivalarequipa.com\/wp-content\/uploads\/2024\/11\/Programa-Mestizo-Web.png\" class=\"attachment-full size-full wp-image-292\" alt=\"Programa Mestizo 12, 13 y 14 de Noviembre\" srcset=\"https:\/\/mestizofestivalarequipa.com\/wp-content\/uploads\/2024\/11\/Programa-Mestizo-Web.png 4929w, https:\/\/mestizofestivalarequipa.com\/wp-content\/uploads\/2024\/11\/Programa-Mestizo-Web-300x178.png 300w, https:\/\/mestizofestivalarequipa.com\/wp-content\/uploads\/2024\/11\/Programa-Mestizo-Web-1024x607.png 1024w, https:\/\/mestizofestivalarequipa.com\/wp-content\/uploads\/2024\/11\/Programa-Mestizo-Web-768x455.png 768w, https:\/\/mestizofestivalarequipa.com\/wp-content\/uploads\/2024\/11\/Programa-Mestizo-Web-1536x910.png 1536w, https:\/\/mestizofestivalarequipa.com\/wp-content\/uploads\/2024\/11\/Programa-Mestizo-Web-2048x1214.png 2048w\" sizes=\"(max-width: 4929px) 100vw, 4929px\" \/>\t\t\t\t\t\t\t\t\t\t\t\t\t\t\t<\/div>\n\t\t\t\t<\/div>\n\t\t\t\t\t<\/div>\n\t\t<\/div>\n\t\t\t\t\t<\/div>\n\t\t<\/section>\n\t\t\t\t<section class=\"elementor-section elementor-top-section elementor-element elementor-element-64fefea elementor-section-boxed elementor-section-height-default elementor-section-height-default\" data-id=\"64fefea\" data-element_type=\"section\" data-e-type=\"section\">\n\t\t\t\t\t\t<div class=\"elementor-container elementor-column-gap-default\">\n\t\t\t\t\t<div class=\"elementor-column elementor-col-100 elementor-top-column elementor-element elementor-element-1a20e76\" data-id=\"1a20e76\" data-element_type=\"column\" data-e-type=\"column\">\n\t\t\t<div class=\"elementor-widget-wrap elementor-element-populated\">\n\t\t\t\t\t\t<div class=\"elementor-element elementor-element-1c8ca1b elementor-align-center elementor-widget__width-inherit elementor-widget elementor-widget-button\" data-id=\"1c8ca1b\" data-element_type=\"widget\" data-e-type=\"widget\" data-widget_type=\"button.default\">\n\t\t\t\t<div class=\"elementor-widget-container\">\n\t\t\t\t\t\t\t\t\t<div class=\"elementor-button-wrapper\">\n\t\t\t\t\t<a class=\"elementor-button elementor-button-link elementor-size-sm\" href=\"https:\/\/drive.google.com\/file\/d\/10RzuysXiswozct0gmWntjXtf98YjgAsB\/view?usp=drive_link\" target=\"_blank\">\n\t\t\t\t\t\t<span class=\"elementor-button-content-wrapper\">\n\t\t\t\t\t\t\t\t\t<span class=\"elementor-button-text\">Descargar Programaci\u00f3n<\/span>\n\t\t\t\t\t<\/span>\n\t\t\t\t\t<\/a>\n\t\t\t\t<\/div>\n\t\t\t\t\t\t\t\t<\/div>\n\t\t\t\t<\/div>\n\t\t\t\t\t<\/div>\n\t\t<\/div>\n\t\t\t\t\t<\/div>\n\t\t<\/section>\n\t\t\t\t<section class=\"elementor-section elementor-top-section elementor-element elementor-element-f4d40d8 elementor-section-boxed elementor-section-height-default elementor-section-height-default\" data-id=\"f4d40d8\" data-element_type=\"section\" data-e-type=\"section\">\n\t\t\t\t\t\t<div class=\"elementor-container elementor-column-gap-default\">\n\t\t\t\t\t<div class=\"elementor-column elementor-col-100 elementor-top-column elementor-element elementor-element-dc5a51c\" data-id=\"dc5a51c\" data-element_type=\"column\" data-e-type=\"column\">\n\t\t\t<div class=\"elementor-widget-wrap elementor-element-populated\">\n\t\t\t\t\t\t<div class=\"elementor-element elementor-element-2672b6e elementor-align-center elementor-widget__width-inherit elementor-widget elementor-widget-button\" data-id=\"2672b6e\" data-element_type=\"widget\" data-e-type=\"widget\" data-widget_type=\"button.default\">\n\t\t\t\t<div class=\"elementor-widget-container\">\n\t\t\t\t\t\t\t\t\t<div class=\"elementor-button-wrapper\">\n\t\t\t\t\t<a class=\"elementor-button elementor-button-link elementor-size-sm\" href=\"https:\/\/drive.google.com\/file\/d\/1Th1MVbg8BaoE7HESqc-g92RPkcO2vSaS\/view?usp=drive_link\">\n\t\t\t\t\t\t<span class=\"elementor-button-content-wrapper\">\n\t\t\t\t\t\t\t\t\t<span class=\"elementor-button-text\">Descargar Afiche Oficial<\/span>\n\t\t\t\t\t<\/span>\n\t\t\t\t\t<\/a>\n\t\t\t\t<\/div>\n\t\t\t\t\t\t\t\t<\/div>\n\t\t\t\t<\/div>\n\t\t\t\t\t<\/div>\n\t\t<\/div>\n\t\t\t\t\t<\/div>\n\t\t<\/section>\n\t\t\t\t<section class=\"elementor-section elementor-top-section elementor-element elementor-element-7d6c526 elementor-section-full_width elementor-section-height-default elementor-section-height-default\" data-id=\"7d6c526\" data-element_type=\"section\" data-e-type=\"section\">\n\t\t\t\t\t\t<div class=\"elementor-container elementor-column-gap-default\">\n\t\t\t\t\t<div class=\"elementor-column elementor-col-100 elementor-top-column elementor-element elementor-element-8c71ebf elementor-hidden-mobile\" data-id=\"8c71ebf\" data-element_type=\"column\" data-e-type=\"column\">\n\t\t\t<div class=\"elementor-widget-wrap elementor-element-populated\">\n\t\t\t\t\t\t<div class=\"elementor-element elementor-element-7395eee elementor-widget elementor-widget-image\" data-id=\"7395eee\" data-element_type=\"widget\" data-e-type=\"widget\" data-widget_type=\"image.default\">\n\t\t\t\t<div class=\"elementor-widget-container\">\n\t\t\t\t\t\t\t\t\t\t\t\t\t\t\t<img decoding=\"async\" width=\"4001\" height=\"2251\" src=\"https:\/\/mestizofestivalarequipa.com\/wp-content\/uploads\/2024\/08\/00-ago-web-y-portada-proximamente_web-celebremos.png\" class=\"attachment-full size-full wp-image-218\" alt=\"\" srcset=\"https:\/\/mestizofestivalarequipa.com\/wp-content\/uploads\/2024\/08\/00-ago-web-y-portada-proximamente_web-celebremos.png 4001w, https:\/\/mestizofestivalarequipa.com\/wp-content\/uploads\/2024\/08\/00-ago-web-y-portada-proximamente_web-celebremos-300x169.png 300w, https:\/\/mestizofestivalarequipa.com\/wp-content\/uploads\/2024\/08\/00-ago-web-y-portada-proximamente_web-celebremos-1024x576.png 1024w, https:\/\/mestizofestivalarequipa.com\/wp-content\/uploads\/2024\/08\/00-ago-web-y-portada-proximamente_web-celebremos-768x432.png 768w, https:\/\/mestizofestivalarequipa.com\/wp-content\/uploads\/2024\/08\/00-ago-web-y-portada-proximamente_web-celebremos-1536x864.png 1536w, https:\/\/mestizofestivalarequipa.com\/wp-content\/uploads\/2024\/08\/00-ago-web-y-portada-proximamente_web-celebremos-2048x1152.png 2048w\" sizes=\"(max-width: 4001px) 100vw, 4001px\" \/>\t\t\t\t\t\t\t\t\t\t\t\t\t\t\t<\/div>\n\t\t\t\t<\/div>\n\t\t\t\t\t<\/div>\n\t\t<\/div>\n\t\t\t\t\t<\/div>\n\t\t<\/section>\n\t\t\t\t<section class=\"elementor-section elementor-top-section elementor-element elementor-element-58104cd elementor-section-boxed elementor-section-height-default elementor-section-height-default\" data-id=\"58104cd\" data-element_type=\"section\" data-e-type=\"section\">\n\t\t\t\t\t\t<div class=\"elementor-container elementor-column-gap-default\">\n\t\t\t\t\t<div class=\"elementor-column elementor-col-100 elementor-top-column elementor-element elementor-element-3432a40 elementor-hidden-mobile\" data-id=\"3432a40\" data-element_type=\"column\" data-e-type=\"column\">\n\t\t\t<div class=\"elementor-widget-wrap elementor-element-populated\">\n\t\t\t\t\t\t<div class=\"elementor-element elementor-element-f31c374 elementor-widget elementor-widget-image\" data-id=\"f31c374\" data-element_type=\"widget\" data-e-type=\"widget\" data-widget_type=\"image.default\">\n\t\t\t\t<div class=\"elementor-widget-container\">\n\t\t\t\t\t\t\t\t\t\t\t\t\t\t\t<img loading=\"lazy\" decoding=\"async\" width=\"4929\" height=\"2250\" src=\"https:\/\/mestizofestivalarequipa.com\/wp-content\/uploads\/2024\/11\/Voluntarios-y-Asistentes-WEB.png\" class=\"attachment-full size-full wp-image-267\" alt=\"Voluntarios y Asistentes WEB\" srcset=\"https:\/\/mestizofestivalarequipa.com\/wp-content\/uploads\/2024\/11\/Voluntarios-y-Asistentes-WEB.png 4929w, https:\/\/mestizofestivalarequipa.com\/wp-content\/uploads\/2024\/11\/Voluntarios-y-Asistentes-WEB-300x137.png 300w, https:\/\/mestizofestivalarequipa.com\/wp-content\/uploads\/2024\/11\/Voluntarios-y-Asistentes-WEB-1024x467.png 1024w, https:\/\/mestizofestivalarequipa.com\/wp-content\/uploads\/2024\/11\/Voluntarios-y-Asistentes-WEB-768x351.png 768w, https:\/\/mestizofestivalarequipa.com\/wp-content\/uploads\/2024\/11\/Voluntarios-y-Asistentes-WEB-1536x701.png 1536w, https:\/\/mestizofestivalarequipa.com\/wp-content\/uploads\/2024\/11\/Voluntarios-y-Asistentes-WEB-2048x935.png 2048w\" sizes=\"(max-width: 4929px) 100vw, 4929px\" \/>\t\t\t\t\t\t\t\t\t\t\t\t\t\t\t<\/div>\n\t\t\t\t<\/div>\n\t\t\t\t\t<\/div>\n\t\t<\/div>\n\t\t\t\t\t<\/div>\n\t\t<\/section>\n\t\t\t\t<section class=\"elementor-section elementor-top-section elementor-element elementor-element-51eeba9 elementor-section-boxed elementor-section-height-default elementor-section-height-default\" data-id=\"51eeba9\" data-element_type=\"section\" data-e-type=\"section\">\n\t\t\t\t\t\t<div class=\"elementor-container elementor-column-gap-default\">\n\t\t\t\t\t<div class=\"elementor-column elementor-col-50 elementor-top-column elementor-element elementor-element-9db05e2\" data-id=\"9db05e2\" data-element_type=\"column\" data-e-type=\"column\">\n\t\t\t<div class=\"elementor-widget-wrap elementor-element-populated\">\n\t\t\t\t\t\t<div class=\"elementor-element elementor-element-50c3dac elementor-align-justify elementor-widget elementor-widget-button\" data-id=\"50c3dac\" data-element_type=\"widget\" data-e-type=\"widget\" data-widget_type=\"button.default\">\n\t\t\t\t<div class=\"elementor-widget-container\">\n\t\t\t\t\t\t\t\t\t<div class=\"elementor-button-wrapper\">\n\t\t\t\t\t<a class=\"elementor-button elementor-button-link elementor-size-sm\" href=\"https:\/\/forms.gle\/re5BerpiqNhsjr8i8\">\n\t\t\t\t\t\t<span class=\"elementor-button-content-wrapper\">\n\t\t\t\t\t\t\t\t\t<span class=\"elementor-button-text\">Inscr\u00edbete como Voluntario<\/span>\n\t\t\t\t\t<\/span>\n\t\t\t\t\t<\/a>\n\t\t\t\t<\/div>\n\t\t\t\t\t\t\t\t<\/div>\n\t\t\t\t<\/div>\n\t\t\t\t\t<\/div>\n\t\t<\/div>\n\t\t\t\t<div class=\"elementor-column elementor-col-50 elementor-top-column elementor-element elementor-element-d30eae8\" data-id=\"d30eae8\" data-element_type=\"column\" data-e-type=\"column\">\n\t\t\t<div class=\"elementor-widget-wrap elementor-element-populated\">\n\t\t\t\t\t\t<div class=\"elementor-element elementor-element-7241c66 elementor-align-justify elementor-widget elementor-widget-button\" data-id=\"7241c66\" data-element_type=\"widget\" data-e-type=\"widget\" data-widget_type=\"button.default\">\n\t\t\t\t<div class=\"elementor-widget-container\">\n\t\t\t\t\t\t\t\t\t<div class=\"elementor-button-wrapper\">\n\t\t\t\t\t<a class=\"elementor-button elementor-button-link elementor-size-sm\" href=\"https:\/\/forms.gle\/YVnerjB8jUoLUhtX9\">\n\t\t\t\t\t\t<span class=\"elementor-button-content-wrapper\">\n\t\t\t\t\t\t\t\t\t<span class=\"elementor-button-text\">Inscr\u00edbete como Asistente<\/span>\n\t\t\t\t\t<\/span>\n\t\t\t\t\t<\/a>\n\t\t\t\t<\/div>\n\t\t\t\t\t\t\t\t<\/div>\n\t\t\t\t<\/div>\n\t\t\t\t\t<\/div>\n\t\t<\/div>\n\t\t\t\t\t<\/div>\n\t\t<\/section>\n\t\t\t\t<section class=\"elementor-section elementor-top-section elementor-element elementor-element-dfa1e01 elementor-section-boxed elementor-section-height-default elementor-section-height-default\" data-id=\"dfa1e01\" data-element_type=\"section\" data-e-type=\"section\">\n\t\t\t\t\t\t<div class=\"elementor-container elementor-column-gap-default\">\n\t\t\t\t\t<div class=\"elementor-column elementor-col-100 elementor-top-column elementor-element elementor-element-da32574\" data-id=\"da32574\" data-element_type=\"column\" data-e-type=\"column\">\n\t\t\t<div class=\"elementor-widget-wrap elementor-element-populated\">\n\t\t\t\t\t\t<div class=\"elementor-element elementor-element-f4716e5 elementor-widget elementor-widget-image\" data-id=\"f4716e5\" data-element_type=\"widget\" data-e-type=\"widget\" data-widget_type=\"image.default\">\n\t\t\t\t<div class=\"elementor-widget-container\">\n\t\t\t\t\t\t\t\t\t\t\t\t\t\t\t<img loading=\"lazy\" decoding=\"async\" width=\"3800\" height=\"1243\" src=\"https:\/\/mestizofestivalarequipa.com\/wp-content\/uploads\/2024\/11\/Logo-Espacio-360Recurso-1@4x.png\" class=\"attachment-full size-full wp-image-287\" alt=\"\" srcset=\"https:\/\/mestizofestivalarequipa.com\/wp-content\/uploads\/2024\/11\/Logo-Espacio-360Recurso-1@4x.png 3800w, https:\/\/mestizofestivalarequipa.com\/wp-content\/uploads\/2024\/11\/Logo-Espacio-360Recurso-1@4x-300x98.png 300w, https:\/\/mestizofestivalarequipa.com\/wp-content\/uploads\/2024\/11\/Logo-Espacio-360Recurso-1@4x-1024x335.png 1024w, https:\/\/mestizofestivalarequipa.com\/wp-content\/uploads\/2024\/11\/Logo-Espacio-360Recurso-1@4x-768x251.png 768w, https:\/\/mestizofestivalarequipa.com\/wp-content\/uploads\/2024\/11\/Logo-Espacio-360Recurso-1@4x-1536x502.png 1536w, https:\/\/mestizofestivalarequipa.com\/wp-content\/uploads\/2024\/11\/Logo-Espacio-360Recurso-1@4x-2048x670.png 2048w\" sizes=\"(max-width: 3800px) 100vw, 3800px\" \/>\t\t\t\t\t\t\t\t\t\t\t\t\t\t\t<\/div>\n\t\t\t\t<\/div>\n\t\t\t\t\t<\/div>\n\t\t<\/div>\n\t\t\t\t\t<\/div>\n\t\t<\/section>\n\t\t\t\t<\/div>\n\t\t","protected":false},"excerpt":{"rendered":"<p>Descargar Programaci\u00f3n Descargar Afiche Oficial Inscr\u00edbete como Voluntario Inscr\u00edbete como Asistente<\/p>\n","protected":false},"author":1,"featured_media":0,"parent":0,"menu_order":0,"comment_status":"closed","ping_status":"closed","template":"elementor_header_footer","meta":{"footnotes":""},"class_list":["post-213","page","type-page","status-publish","hentry"],"_links":{"self":[{"href":"https:\/\/mestizofestivalarequipa.com\/index.php?rest_route=\/wp\/v2\/pages\/213"}],"collection":[{"href":"https:\/\/mestizofestivalarequipa.com\/index.php?rest_route=\/wp\/v2\/pages"}],"about":[{"href":"https:\/\/mestizofestivalarequipa.com\/index.php?rest_route=\/wp\/v2\/types\/page"}],"author":[{"embeddable":true,"href":"https:\/\/mestizofestivalarequipa.com\/index.php?rest_route=\/wp\/v2\/users\/1"}],"replies":[{"embeddable":true,"href":"https:\/\/mestizofestivalarequipa.com\/index.php?rest_route=%2Fwp%2Fv2%2Fcomments&post=213"}],"version-history":[{"count":58,"href":"https:\/\/mestizofestivalarequipa.com\/index.php?rest_route=\/wp\/v2\/pages\/213\/revisions"}],"predecessor-version":[{"id":306,"href":"https:\/\/mestizofestivalarequipa.com\/index.php?rest_route=\/wp\/v2\/pages\/213\/revisions\/306"}],"wp:attachment":[{"href":"https:\/\/mestizofestivalarequipa.com\/index.php?rest_route=%2Fwp%2Fv2%2Fmedia&parent=213"}],"curies":[{"name":"wp","href":"https:\/\/api.w.org\/{rel}","templated":true}]}}